{"id":1410,"date":"2018-09-18T10:37:24","date_gmt":"2018-09-18T08:37:24","guid":{"rendered":"http:\/\/excursions.transportairport.es\/valencia-excursion\/"},"modified":"2022-05-07T01:49:17","modified_gmt":"2022-05-06T23:49:17","slug":"valencia-excursion","status":"publish","type":"page","link":"https:\/\/excursions.transportairport.es\/es\/valencia-excursion\/","title":{"rendered":"Valencia Excursion"},"content":{"rendered":"<div class=\"wpb-content-wrapper\"><p>[vc_row bg_type=\u00bbimage\u00bb parallax_style=\u00bbvcpb-default\u00bb bg_image_new=\u00bbid^1168|url^http:\/\/excursions.transportairport.es\/wp-content\/uploads\/2018\/09\/Valencia-trip-3.jpg|caption^null|alt^null|title^Valencia-trip-3|description^null\u00bb bg_image_repeat=\u00bbno-repeat\u00bb bg_img_attach=\u00bbfixed\u00bb bg_override=\u00bbex-full\u00bb enable_overlay=\u00bbenable_overlay_value\u00bb overlay_color=\u00bbrgba(0,0,0,0.4)\u00bb type=\u00bbvc_default\u00bb css=\u00bb.vc_custom_1537259774992{padding-top: 6% !important;padding-bottom: 6% !important;}\u00bb][vc_column css=\u00bb.vc_custom_1492694838569{padding-top: 6% !important;padding-bottom: 6% !important;}\u00bb offset=\u00bbvc_col-lg-offset-2 vc_col-lg-8 vc_col-md-offset-1 vc_col-md-10 vc_col-sm-offset-0&#8243;]<div id=\"ultimate-heading-648269debf3120584\" class=\"uvc-heading ult-adjust-bottom-margin ultimate-heading-648269debf3120584 uvc-1715 accent-subtitle-color\" data-hspacer=\"no_spacer\"  data-halign=\"center\" style=\"text-align:center\"><div class=\"uvc-heading-spacer no_spacer\" style=\"top\"><\/div><div class=\"uvc-main-heading ult-responsive\"  data-ultimate-target='.uvc-heading.ultimate-heading-648269debf3120584 h2'  data-responsive-json-new='{\"font-size\":\"desktop:70px;tablet:50px;tablet_portrait:40px;mobile_landscape:28px;\",\"line-height\":\"desktop:80px;tablet:60px;tablet_portrait:50px;mobile_landscape:38px;\"}' ><h2 style=\"font-weight:bold;color:#ffffff;margin-bottom:30px;\">Valencia<\/h2><\/div><div class=\"uvc-sub-heading ult-responsive\"  data-ultimate-target='.uvc-heading.ultimate-heading-648269debf3120584 .uvc-sub-heading '  data-responsive-json-new='{\"font-size\":\"desktop:28px;mobile_landscape:18px;\",\"line-height\":\"desktop:38px;mobile_landscape:28px;\"}'  style=\"font-family:&#039;Roboto Slab&#039;;font-weight:700;\">Visita esta incre\u00edble ciudad espa\u00f1ola hist\u00f3rica y futurista<\/div><\/div>[\/vc_column][\/vc_row][vc_row css=\u00bb.vc_custom_1537257728698{padding-top: 30px !important;padding-bottom: 30px !important;}\u00bb][vc_column]<div class=\"ult_pricing_table_wrap ult_info_table ult_design_6  ult-cs-custom  \">\n\t\t\t\t\t<div class=\"ult_pricing_table \" style=\" \"><div id=\"Info-table-wrap-5139\" class=\"ult_pricing_heading\" style=\"background:#fdc134;\">\n\t\t\t\t\t\t\t<h3 class=\"ult-responsive\"  data-ultimate-target='#Info-table-wrap-5139 h3'  data-responsive-json-new='{\"font-size\":\"\",\"line-height\":\"\"}'  style=\"font-weight:normal;\">Valencia (ida y vuelta)<\/h3><h5 class=\"ult-responsive\" data-ultimate-target='#Info-table-wrap-5139 h5'  data-responsive-json-new='{\"font-size\":\"\",\"line-height\":\"\"}'  class=\"ult-responsive\" style=\"font-weight:normal;\">De 5 a 21 pax - Servicio Privado - Furgonetas Premium - Puerta a Puerta - Precios todo incluido<\/h5><\/div><!--ult_pricing_heading--><div id=\"info_table_features_wrap-4618\"  data-ultimate-target='#info_table_features_wrap-4618.ult_price_features'  data-responsive-json-new='{\"font-size\":\"\",\"line-height\":\"\"}'  class=\"ult-responsive ult_price_features\" style=\"font-weight:normal;\">\n\t\t\t\t\t\t\t<table style=\"width: 100%;\">\n<tbody>\n<tr>\n<th style=\"text-align: center;\">Recogida (ida y vuelta)<\/th>\n<th style=\"text-align: center;\">5 a 14 pax<\/th>\n<th style=\"text-align: center;\">15 a 21 pax<\/th>\n<\/tr>\n<tr>\n<td>Desde Moraira<\/td>\n<td>300 \u20ac<\/td>\n<td>330 \u20ac<\/td>\n<\/tr>\n<tr>\n<td>Desde Benisa<\/td>\n<td>310 \u20ac<\/td>\n<td>360 \u20ac<\/td>\n<\/tr>\n<tr>\n<td>Desde Calpe<\/td>\n<td>330 \u20ac<\/td>\n<td>380 \u20ac<\/td>\n<\/tr>\n<tr>\n<td style=\"text-align: center;\">Desde Benidorm<\/td>\n<td style=\"text-align: center;\">350 \u20ac<\/td>\n<td style=\"text-align: center;\">400 \u20ac<\/td>\n<\/tr>\n<\/tbody>\n<\/table>\n<p>&nbsp;<\/p>\n\n\t\t\t\t\t\t<\/div><!--ult_price_features--><div class=\"ult_clr\"><\/div>\n\t\t\t<\/div><!--pricing_table-->\n\t\t<\/div><!--pricing_table_wrap-->[\/vc_column][\/vc_row][vc_row equal_height=\u00bbyes\u00bb bg_type=\u00bbimage\u00bb parallax_style=\u00bbvcpb-default\u00bb bg_image_new=\u00bbid^628|url^http:\/\/excursions.transportairport.es\/wp-content\/uploads\/2016\/02\/tr-005.jpg|caption^null|alt^null|title^tr-005|description^null\u00bb bg_image_repeat=\u00bbno-repeat\u00bb bg_img_attach=\u00bbfixed\u00bb enable_overlay=\u00bbenable_overlay_value\u00bb overlay_color=\u00bbrgba(0,0,0,0.75)\u00bb css=\u00bb.vc_custom_1537257711542{margin-bottom: 30px !important;padding-top: 90px !important;padding-bottom: 90px !important;}\u00bb][vc_column width=\u00bb1\/2&#8243;]<div id=\"ultimate-heading-27169debf3120da2\" class=\"uvc-heading ult-adjust-bottom-margin ultimate-heading-27169debf3120da2 uvc-4972 accent-border-color accent-subtitle-color\" data-hspacer=\"no_spacer\"  data-halign=\"left\" style=\"text-align:left\"><div class=\"uvc-heading-spacer no_spacer\" style=\"top\"><\/div><div class=\"uvc-main-heading ult-responsive\"  data-ultimate-target='.uvc-heading.ultimate-heading-27169debf3120da2 h2'  data-responsive-json-new='{\"font-size\":\"desktop:50px;\",\"line-height\":\"desktop:60px;\"}' ><h2 style=\"font-weight:bold;color:#ffffff;margin-bottom:30px;\">RESERVA TU EXCURSI\u00d3N<\/h2><\/div><div class=\"uvc-sub-heading ult-responsive\"  data-ultimate-target='.uvc-heading.ultimate-heading-27169debf3120da2 .uvc-sub-heading '  data-responsive-json-new='{\"font-size\":\"desktop:28px;\",\"line-height\":\"desktop:38px;\"}'  style=\"font-family:&#039;Roboto Slab&#039;;font-weight:700;color:#ffffff;margin-bottom:35px;\">Contacta con nosotros hoy<\/div><\/div><div class=\"aio-icon-component  vc_custom_1537257369142  dt-phone style_1\"><div id=\"Info-box-wrap-9006\" class=\"aio-icon-box default-icon\" style=\"\"  ><div class=\"aio-icon-default\"><div class=\"ult-just-icon-wrapper  \"><div class=\"align-icon\" style=\"text-align:center;\">\n<div class=\"aio-icon none \"  style=\"color:#ffffff;font-size:24px;display:inline-block;\">\n\t<i class=\"Defaults-phone\"><\/i>\n<\/div><\/div><\/div><\/div><div class=\"aio-icon-header\" ><h3 class=\"aio-icon-title ult-responsive\"  data-ultimate-target='#Info-box-wrap-9006 .aio-icon-title'  data-responsive-json-new='{\"font-size\":\"desktop:24px;\",\"line-height\":\"desktop:24px;\"}'  style=\"font-family:&#039;Open Sans&#039;;font-weight:700;color:#ffffff;\">+34 662 64 50 16<\/h3><\/div> <!-- header --><\/div> <!-- aio-icon-box --><\/div> <!-- aio-icon-component --><div class=\"aio-icon-component  vc_custom_1537257632909  dt-phone style_1\"><div id=\"Info-box-wrap-5080\" class=\"aio-icon-box default-icon\" style=\"\"  ><div class=\"aio-icon-default\"><div class=\"ult-just-icon-wrapper  \"><div class=\"align-icon\" style=\"text-align:center;\">\n<div class=\"aio-icon none \"  style=\"color:#ffffff;font-size:24px;display:inline-block;\">\n\t<i class=\"Defaults-envelope\"><\/i>\n<\/div><\/div><\/div><\/div><div class=\"aio-icon-header\" ><h3 class=\"aio-icon-title ult-responsive\"  data-ultimate-target='#Info-box-wrap-5080 .aio-icon-title'  data-responsive-json-new='{\"font-size\":\"desktop:24px;\",\"line-height\":\"desktop:24px;\"}'  style=\"font-family:&#039;Open Sans&#039;;font-weight:700;color:#ffffff;\">info@transportairport.es<\/h3><\/div> <!-- header --><\/div> <!-- aio-icon-box --><\/div> <!-- aio-icon-component -->[\/vc_column][vc_column width=\u00bb1\/2&#8243;]\n<div class=\"wpcf7 no-js\" id=\"wpcf7-f1545-o1\" lang=\"es-ES\" dir=\"ltr\" data-wpcf7-id=\"1545\">\n<div class=\"screen-reader-response\"><p role=\"status\" aria-live=\"polite\" aria-atomic=\"true\"><\/p> <ul><\/ul><\/div>\n<form action=\"\/es\/wp-json\/wp\/v2\/pages\/1410#wpcf7-f1545-o1\" method=\"post\" class=\"wpcf7-form init\" aria-label=\"Formulario de contacto\" novalidate=\"novalidate\" data-status=\"init\">\n<fieldset class=\"hidden-fields-container\"><input type=\"hidden\" name=\"_wpcf7\" value=\"1545\" \/><input type=\"hidden\" name=\"_wpcf7_version\" value=\"6.1.5\" \/><input type=\"hidden\" name=\"_wpcf7_locale\" value=\"es_ES\" \/><input type=\"hidden\" name=\"_wpcf7_unit_tag\" value=\"wpcf7-f1545-o1\" \/><input type=\"hidden\" name=\"_wpcf7_container_post\" value=\"0\" \/><input type=\"hidden\" name=\"_wpcf7_posted_data_hash\" value=\"\" \/>\n<\/fieldset>\n<p><span class=\"contact-form-white-titles\">Seleccionar Excursi\u00f3n*<\/span><br \/>\n<span class=\"wpcf7-form-control-wrap\" data-name=\"menu-product\"><select class=\"wpcf7-form-control wpcf7-select wpcf7-validates-as-required\" aria-required=\"true\" aria-invalid=\"false\" name=\"menu-product\"><option value=\"Haga clic para elegir...\" selected=\"selected\">Haga clic para elegir...<\/option><option value=\"GUADALEST (ida y vuelta)\">GUADALEST (ida y vuelta)<\/option><option value=\"BENIDORM (ida y vuelta)\">BENIDORM (ida y vuelta)<\/option><option value=\"VALENCIA (ida y vuelta)\">VALENCIA (ida y vuelta)<\/option><option value=\"LAS FUENTES DEL ALGAR (ida y vuelta)\">LAS FUENTES DEL ALGAR (ida y vuelta)<\/option><option value=\"ALICANTE-ELCHE AIRPORT (ida y vuelta)\">ALICANTE-ELCHE AIRPORT (ida y vuelta)<\/option><\/select><\/span><br \/>\n<span class=\"contact-form-white-titles\">N\u00famero de pasajeros*<\/span><br \/>\n<span class=\"wpcf7-form-control-wrap\" data-name=\"menu-personas\"><select class=\"wpcf7-form-control wpcf7-select wpcf7-validates-as-required\" aria-required=\"true\" aria-invalid=\"false\" name=\"menu-personas\"><option value=\"5\" selected=\"selected\">5<\/option><option value=\"6\">6<\/option><option value=\"7\">7<\/option><option value=\"8\">8<\/option><option value=\"9\">9<\/option><option value=\"10\">10<\/option><option value=\"11\">11<\/option><option value=\"12\">12<\/option><option value=\"13\">13<\/option><option value=\"14\">14<\/option><option value=\"15\">15<\/option><option value=\"16\">16<\/option><option value=\"17\">17<\/option><option value=\"18\">18<\/option><option value=\"19\">19<\/option><option value=\"20\">20<\/option><option value=\"21\">21<\/option><\/select><\/span><br \/>\n<span class=\"contact-form-white-titles\">Nombre*<\/span><br \/>\n<span class=\"wpcf7-form-control-wrap\" data-name=\"your-name\"><input size=\"40\" maxlength=\"400\" class=\"wpcf7-form-control wpcf7-text wpcf7-validates-as-required required\" aria-required=\"true\" aria-invalid=\"false\" value=\"\" type=\"text\" name=\"your-name\" \/><\/span><br \/>\n<span class=\"contact-form-white-titles\">Email*<\/span><br \/>\n<span class=\"wpcf7-form-control-wrap\" data-name=\"your-mail\"><input size=\"40\" maxlength=\"400\" class=\"wpcf7-form-control wpcf7-email wpcf7-validates-as-required wpcf7-text wpcf7-validates-as-email required\" aria-required=\"true\" aria-invalid=\"false\" value=\"\" type=\"email\" name=\"your-mail\" \/><\/span><br \/>\n<span class=\"contact-form-white-titles\">Tel\u00e9fono*<\/span><br \/>\n<span class=\"wpcf7-form-control-wrap\" data-name=\"your-phone\"><input size=\"40\" maxlength=\"400\" class=\"wpcf7-form-control wpcf7-text wpcf7-validates-as-required required\" aria-required=\"true\" aria-invalid=\"false\" value=\"\" type=\"text\" name=\"your-phone\" \/><\/span><br \/>\n<span class=\"contact-form-white-titles\">Lugar de recogida e informaci\u00f3n de regreso<\/span><br \/>\n<span class=\"wpcf7-form-control-wrap\" data-name=\"your-pickup\"><textarea cols=\"40\" rows=\"2\" maxlength=\"2000\" class=\"wpcf7-form-control wpcf7-textarea\" aria-invalid=\"false\" name=\"your-pickup\"><\/textarea><\/span>\n<\/p>\n<p><span class=\"contact-form-white-titles\">Informaci\u00f3n adicional<\/span><br \/>\n<span class=\"wpcf7-form-control-wrap\" data-name=\"your-message\"><textarea cols=\"40\" rows=\"2\" maxlength=\"2000\" class=\"wpcf7-form-control wpcf7-textarea\" aria-invalid=\"false\" name=\"your-message\"><\/textarea><\/span>\n<\/p>\n<p><input class=\"wpcf7-form-control wpcf7-submit has-spinner\" type=\"submit\" value=\"\u00a1Reservar!\" \/>\n<\/p><div class=\"wpcf7-response-output\" aria-hidden=\"true\"><\/div>\n<\/form>\n<\/div>\n[\/vc_column][\/vc_row]<\/p>\n<\/div>","protected":false},"excerpt":{"rendered":"<p>[vc_row bg_type=\u00bbimage\u00bb parallax_style=\u00bbvcpb-default\u00bb bg_image_new=\u00bbid^1168|url^http:\/\/excursions.transportairport.es\/wp-content\/uploads\/2018\/09\/Valencia-trip-3.jpg|caption^null|alt^null|title^Valencia-trip-3|description^null\u00bb bg_image_repeat=\u00bbno-repeat\u00bb bg_img_attach=\u00bbfixed\u00bb bg_override=\u00bbex-full\u00bb enable_overlay=\u00bbenable_overlay_value\u00bb overlay_color=\u00bbrgba(0,0,0,0.4)\u00bb type=\u00bbvc_default\u00bb css=\u00bb.vc_custom_1537259774992{padding-top: 6% !important;padding-bottom: 6% !important;}\u00bb][vc_column css=\u00bb.vc_custom_1492694838569{padding-top: 6% !important;padding-bottom: 6% !important;}\u00bb offset=\u00bbvc_col-lg-offset-2 vc_col-lg-8 vc_col-md-offset-1 vc_col-md-10 vc_col-sm-offset-0&#8243;][\/vc_column][\/vc_row][vc_row css=\u00bb.vc_custom_1537257728698{padding-top: 30px !important;padding-bottom: 30px !important;}\u00bb][vc_column][\/vc_column][\/vc_row][vc_row equal_height=\u00bbyes\u00bb bg_type=\u00bbimage\u00bb parallax_style=\u00bbvcpb-default\u00bb bg_image_new=\u00bbid^628|url^http:\/\/excursions.transportairport.es\/wp-content\/uploads\/2016\/02\/tr-005.jpg|caption^null|alt^null|title^tr-005|description^null\u00bb bg_image_repeat=\u00bbno-repeat\u00bb bg_img_attach=\u00bbfixed\u00bb enable_overlay=\u00bbenable_overlay_value\u00bb overlay_color=\u00bbrgba(0,0,0,0.75)\u00bb css=\u00bb.vc_custom_1537257711542{margin-bottom: 30px !important;padding-top: 90px !important;padding-bottom: 90px !important;}\u00bb][vc_column width=\u00bb1\/2&#8243;][\/vc_column][vc_column width=\u00bb1\/2&#8243;][\/vc_column][\/vc_row]<\/p>\n","protected":false},"author":2,"featured_media":1390,"parent":0,"menu_order":40,"comment_status":"closed","ping_status":"closed","template":"","meta":{"footnotes":""},"class_list":["post-1410","page","type-page","status-publish","has-post-thumbnail","hentry","description-off"],"_links":{"self":[{"href":"https:\/\/excursions.transportairport.es\/es\/wp-json\/wp\/v2\/pages\/1410","targetHints":{"allow":["GET"]}}],"collection":[{"href":"https:\/\/excursions.transportairport.es\/es\/wp-json\/wp\/v2\/pages"}],"about":[{"href":"https:\/\/excursions.transportairport.es\/es\/wp-json\/wp\/v2\/types\/page"}],"author":[{"embeddable":true,"href":"https:\/\/excursions.transportairport.es\/es\/wp-json\/wp\/v2\/users\/2"}],"replies":[{"embeddable":true,"href":"https:\/\/excursions.transportairport.es\/es\/wp-json\/wp\/v2\/comments?post=1410"}],"version-history":[{"count":3,"href":"https:\/\/excursions.transportairport.es\/es\/wp-json\/wp\/v2\/pages\/1410\/revisions"}],"predecessor-version":[{"id":1544,"href":"https:\/\/excursions.transportairport.es\/es\/wp-json\/wp\/v2\/pages\/1410\/revisions\/1544"}],"wp:featuredmedia":[{"embeddable":true,"href":"https:\/\/excursions.transportairport.es\/es\/wp-json\/wp\/v2\/media\/1390"}],"wp:attachment":[{"href":"https:\/\/excursions.transportairport.es\/es\/wp-json\/wp\/v2\/media?parent=1410"}],"curies":[{"name":"wp","href":"https:\/\/api.w.org\/{rel}","templated":true}]}}